{"id":556,"date":"2021-11-02T08:56:58","date_gmt":"2021-11-02T08:56:58","guid":{"rendered":"https:\/\/demo.athemes.com\/sydney-main-gb\/?page_id=556"},"modified":"2026-01-09T10:53:27","modified_gmt":"2026-01-09T09:53:27","slug":"services","status":"publish","type":"page","link":"https:\/\/sara.globokar.net\/index.php\/services\/","title":{"rendered":"Bivanje"},"content":{"rendered":"\n<div class=\"wp-block-cover alignfull has-parallax wp-duotone-000000-rgba0112177057-1\" style=\"min-height:701px;aspect-ratio:unset;\"><div class=\"wp-block-cover__image-background wp-image-1504 size-full has-parallax\" style=\"background-position:50% 50%;background-image:url(https:\/\/sara.globokar.net\/wp-content\/uploads\/2026\/01\/Stade_dEaux_Vives_Pau_Pyrenees-1-scaled.jpg)\"><\/div><span aria-hidden=\"true\" class=\"wp-block-cover__background has-global-color-2-background-color has-background-dim\"><\/span><div class=\"wp-block-cover__inner-container has-global-padding is-layout-constrained wp-block-cover-is-layout-constrained\">\n<p class=\"has-text-align-center has-large-font-size\"><\/p>\n<\/div><\/div>\n\n\n\n<div class=\"wp-block-group alignfull has-global-padding is-layout-constrained wp-container-core-group-is-layout-70e44286 wp-block-group-is-layout-constrained\" style=\"margin-top:0;margin-bottom:0;padding-top:0vh;padding-right:var(--wp--preset--spacing--30);padding-bottom:0;padding-left:var(--wp--preset--spacing--30)\">\n<div class=\"wp-block-columns alignwide are-vertically-aligned-center is-layout-flex wp-container-core-columns-is-layout-14cf5ab5 wp-block-columns-is-layout-flex\">\n<div class=\"wp-block-column is-vertically-aligned-center center-mobile is-layout-flow wp-container-core-column-is-layout-15c3df02 wp-block-column-is-layout-flow\" style=\"padding-top:var(--wp--preset--spacing--40);padding-right:var(--wp--preset--spacing--60);padding-bottom:var(--wp--preset--spacing--40);padding-left:var(--wp--preset--spacing--30);flex-basis:62%\">\n<h6 class=\"wp-block-heading is-style-sydney-no-margin has-text-color has-small-font-size\" style=\"color:#737C8C;letter-spacing:1px;text-transform:uppercase\">izberi SVOJ ZA\u010cASNI DOM IN DRU\u017dBO<\/h6>\n\n\n\n<div class=\"wp-block-columns is-layout-flex wp-container-core-columns-is-layout-28f84493 wp-block-columns-is-layout-flex\">\n<div class=\"wp-block-column is-layout-flow wp-block-column-is-layout-flow\" style=\"flex-basis:100%\"><div class=\"widget_bp_core_members_widget buddypress widget wp-block-bp-dynamic-members\"><div class=\"bp-dynamic-block-container\">\n<h2 class=\"widget-title\"><a href=\"https:\/\/sara.globokar.net\/members\/\">Members<\/a><\/h2><div class=\"item-options\">\n\t\t\t<a href=\"https:\/\/sara.globokar.net\/members\/\" data-bp-sort=\"newest\">Newest<\/a> <span class=\"bp-separator\" role=\"separator\">|<\/span> <a href=\"https:\/\/sara.globokar.net\/members\/\" data-bp-sort=\"active\" class=\"selected\">Active<\/a> <span class=\"bp-separator\" role=\"separator\">|<\/span> <a href=\"https:\/\/sara.globokar.net\/members\/\" data-bp-sort=\"popular\">Popular<\/a>\n\t\t<\/div>\n\t\t<ul id=\"members-list-69e4c8a44474f\" class=\"item-list\" aria-live=\"polite\" aria-relevant=\"all\" aria-atomic=\"true\">\n\t\t\t\n\t<li class=\"vcard\">\n\t\t<div class=\"item-avatar\">\n\t\t\t<a href=\"https:\/\/sara.globokar.net\/members\/sara\/\" class=\"bp-tooltip\" data-bp-tooltip=\"Sara\">\n\t\t\t\t<img decoding=\"async\" loading=\"lazy\" src=\"https:\/\/sara.globokar.net\/wp-content\/uploads\/avatars\/1\/1767546839-bpthumb.jpg\" class=\"avatar user-1-avatar avatar-50 photo\">\n\t\t\t<\/a>\n\t\t<\/div>\n\n\t\t<div class=\"item\">\n\t\t\t<div class=\"item-title fn\"><a href=\"https:\/\/sara.globokar.net\/members\/sara\/\">Sara<\/a><\/div>\n\t\t\t<div class=\"item-meta\">\n\t\t\t\t<span class=\"activity\">Active 3 months, 1 week ago<\/span>\n\t\t\t<\/div>\n\t\t<\/div>\n\t<\/li>\n\n\n\t<li class=\"vcard\">\n\t\t<div class=\"item-avatar\">\n\t\t\t<a href=\"https:\/\/sara.globokar.net\/members\/marc\/\" class=\"bp-tooltip\" data-bp-tooltip=\"Marc\">\n\t\t\t\t<img decoding=\"async\" loading=\"lazy\" src=\"https:\/\/sara.globokar.net\/wp-content\/uploads\/avatars\/2\/1767723393-bpthumb.jpg\" class=\"avatar user-2-avatar avatar-50 photo\">\n\t\t\t<\/a>\n\t\t<\/div>\n\n\t\t<div class=\"item\">\n\t\t\t<div class=\"item-title fn\"><a href=\"https:\/\/sara.globokar.net\/members\/marc\/\">Marc<\/a><\/div>\n\t\t\t<div class=\"item-meta\">\n\t\t\t\t<span class=\"activity\">Active 3 months, 1 week ago<\/span>\n\t\t\t<\/div>\n\t\t<\/div>\n\t<\/li>\n\n\n\t\t<\/ul>\n<\/div><\/div><\/div>\n<\/div>\n\n\n\n<p class=\"has-text-color\" style=\"color:#233452\"><strong>Poi\u0161\u010di uporabnika na lokaciji kamor si namenjen in poglej kdo nudi stanovanje, sobo ali prostor za bivanje blizu proge.<\/strong><\/p>\n\n\n\n<p><strong>PONUJENA BIAVANJA:<\/strong><\/p>\n\n\n\n<p class=\"has-global-color-2-color has-text-color has-link-color wp-elements-00df4bb1863265de98c73f6ff5e9a6ee\"><strong><em> EPINAL<\/em><\/strong><\/p>\n\n\n<div class=\"bp-block-group avatar-none has-description\">\n\t\t\t\n\t\t\t<div class=\"group-content\">\n\t\t\t\t\n\t\t\t\t<div class=\"group-description\">\n\t\t\t\t\t<strong><a href=\"https:\/\/sara.globokar.net\/groups\/epinal-francija-sobe-trening-skupine-in-druzba\/\">Epinal \u2013 Francija; sobe in ve\u010d<\/a><\/strong>\n\t\t\t\t\t<div class=\"group-description-content\"><p>Tukaj smo zbrani kajaka\u0161i, ki ponaujamo sobe in dobro voljo v Epinalu, Franciji.<br \/>\nPoglej si, \u010de si namenjen sem!<br \/>\nPovabi prijatelje in pridi.<\/p>\n<\/div>\n\t\t\t\t\t\n\t\t\t\t<\/div>\n\t\t\t<\/div>\n\t\t<\/div><\/div>\n\n\n\n<div class=\"wp-block-column is-vertically-aligned-center stretch-right is-layout-flow wp-block-column-is-layout-flow\" style=\"padding-top:0;padding-right:10px;padding-bottom:0;padding-left:10px;flex-basis:50%\">\n<figure class=\"wp-block-image aligncenter size-full is-resized has-custom-border wp-duotone-000000-rgba0112177057-2\" style=\"margin-top:0;margin-right:var(--wp--preset--spacing--30);margin-bottom:0;margin-left:var(--wp--preset--spacing--30)\"><img loading=\"lazy\" decoding=\"async\" width=\"1500\" height=\"1000\" src=\"https:\/\/sara.globokar.net\/wp-content\/uploads\/2026\/01\/20220903-WCF-K1M-FINAL-MiquelTrave-HM5D0289@AgustiCucurulls-1.jpg\" alt=\"\" class=\"wp-image-1146\" style=\"border-top-left-radius:10px;border-top-right-radius:10px;border-bottom-left-radius:10px;border-bottom-right-radius:10px;object-fit:cover;width:545px;height:365px\" srcset=\"https:\/\/sara.globokar.net\/wp-content\/uploads\/2026\/01\/20220903-WCF-K1M-FINAL-MiquelTrave-HM5D0289@AgustiCucurulls-1.jpg 1500w, https:\/\/sara.globokar.net\/wp-content\/uploads\/2026\/01\/20220903-WCF-K1M-FINAL-MiquelTrave-HM5D0289@AgustiCucurulls-1-300x200.jpg 300w, https:\/\/sara.globokar.net\/wp-content\/uploads\/2026\/01\/20220903-WCF-K1M-FINAL-MiquelTrave-HM5D0289@AgustiCucurulls-1-1024x683.jpg 1024w, https:\/\/sara.globokar.net\/wp-content\/uploads\/2026\/01\/20220903-WCF-K1M-FINAL-MiquelTrave-HM5D0289@AgustiCucurulls-1-768x512.jpg 768w, https:\/\/sara.globokar.net\/wp-content\/uploads\/2026\/01\/20220903-WCF-K1M-FINAL-MiquelTrave-HM5D0289@AgustiCucurulls-1-1000x667.jpg 1000w, https:\/\/sara.globokar.net\/wp-content\/uploads\/2026\/01\/20220903-WCF-K1M-FINAL-MiquelTrave-HM5D0289@AgustiCucurulls-1-230x153.jpg 230w, https:\/\/sara.globokar.net\/wp-content\/uploads\/2026\/01\/20220903-WCF-K1M-FINAL-MiquelTrave-HM5D0289@AgustiCucurulls-1-350x233.jpg 350w, https:\/\/sara.globokar.net\/wp-content\/uploads\/2026\/01\/20220903-WCF-K1M-FINAL-MiquelTrave-HM5D0289@AgustiCucurulls-1-480x320.jpg 480w\" sizes=\"auto, (max-width: 1500px) 100vw, 1500px\" \/><\/figure>\n<\/div>\n<\/div>\n\n\n\n<hr class=\"wp-block-separator has-text-color has-global-color-9-color has-alpha-channel-opacity has-global-color-9-background-color has-background is-style-dots\"\/>\n<\/div>\n\n\n\n<div class=\"wp-block-group alignfull has-background has-global-padding is-layout-constrained wp-block-group-is-layout-constrained\" style=\"background-color:#ffdbe3;margin-top:0;margin-bottom:0;padding-top:var(--wp--preset--spacing--80);padding-bottom:var(--wp--preset--spacing--80)\">\n<div class=\"wp-block-columns alignwide is-layout-flex wp-container-core-columns-is-layout-28f84493 wp-block-columns-is-layout-flex\">\n<div class=\"wp-block-column is-layout-flow wp-block-column-is-layout-flow\" style=\"flex-basis:100%\">\n<h6 class=\"wp-block-heading is-style-sydney-no-margin has-text-color\" style=\"color:#737C8C;font-size:12px;letter-spacing:1px;text-transform:uppercase\">IZBERI SVOJEGA GOSTITELJA, SE DOGOVORI IN VRNI USLUGO<\/h6>\n\n\n\n<h2 class=\"wp-block-heading has-text-color has-link-color wp-elements-5b69ee29a175e862cb1e5d6bc9e21ba5\" style=\"color:#233452;margin-top:var(--wp--preset--spacing--30);margin-bottom:var(--wp--preset--spacing--40)\">Izberi gostitelja <\/h2>\n\n\n\n<div style=\"margin-top:0;margin-bottom:0;height:10px\" aria-hidden=\"true\" class=\"wp-block-spacer\"><\/div>\n\n\n\n<div class=\"wp-block-columns are-vertically-aligned-center is-layout-flex wp-container-core-columns-is-layout-c68c8a5f wp-block-columns-is-layout-flex\" style=\"margin-top:0\">\n<div class=\"wp-block-column is-vertically-aligned-center is-layout-flow wp-block-column-is-layout-flow\" style=\"flex-basis:50%\">\n<figure class=\"wp-block-image size-full is-resized has-custom-border wp-duotone-000000-rgba0112177057-3\" style=\"margin-top:0;margin-bottom:0\"><img loading=\"lazy\" decoding=\"async\" width=\"772\" height=\"516\" src=\"https:\/\/sara.globokar.net\/wp-content\/uploads\/2026\/01\/satkovy_med.jpg\" alt=\"\" class=\"wp-image-1039\" style=\"border-top-left-radius:10px;border-top-right-radius:10px;border-bottom-left-radius:10px;border-bottom-right-radius:10px;object-fit:cover;width:545px;height:365px\" srcset=\"https:\/\/sara.globokar.net\/wp-content\/uploads\/2026\/01\/satkovy_med.jpg 772w, https:\/\/sara.globokar.net\/wp-content\/uploads\/2026\/01\/satkovy_med-300x201.jpg 300w, https:\/\/sara.globokar.net\/wp-content\/uploads\/2026\/01\/satkovy_med-768x513.jpg 768w, https:\/\/sara.globokar.net\/wp-content\/uploads\/2026\/01\/satkovy_med-230x154.jpg 230w, https:\/\/sara.globokar.net\/wp-content\/uploads\/2026\/01\/satkovy_med-350x234.jpg 350w, https:\/\/sara.globokar.net\/wp-content\/uploads\/2026\/01\/satkovy_med-480x321.jpg 480w\" sizes=\"auto, (max-width: 772px) 100vw, 772px\" \/><\/figure>\n<\/div>\n\n\n\n<div class=\"wp-block-column is-vertically-aligned-center is-layout-flow wp-block-column-is-layout-flow\" style=\"padding-top:0;padding-right:0;padding-bottom:0;flex-basis:50%\">\n<div class=\"wp-block-group is-nowrap is-layout-flex wp-container-core-group-is-layout-f66f9956 wp-block-group-is-layout-flex\">\n<div class=\"wp-block-group has-global-padding is-layout-constrained wp-block-group-is-layout-constrained\">\n<h4 class=\"wp-block-heading\" style=\"margin-top:0;margin-bottom:var(--wp--preset--spacing--30)\">Poi\u0161\u010di kajaka\u0161a, ki ponuja kar ti ustreza<\/h4>\n\n\n\n<p class=\"has-text-color has-link-color wp-elements-1286816b05a7350190a31c45702a671f\" style=\"color:#233452\"><strong><em>Kajaka\u0161i si med seboj na razli\u010dnih lokacijah nudimo sobe, postelje in stanovanja za preno\u010devanje. S tem krepimo povezovanje in skupnost.<\/em><\/strong><\/p>\n\n\n\n<p class=\"has-text-color has-link-color wp-elements-70bf9eed1daf339f4f4db67215aece97\" style=\"color:#233452\"><strong>Bodi odgovoren in v zameno ponudi pomo\u010d.<\/strong><\/p>\n<\/div>\n<\/div>\n\n\n\n<div class=\"wp-block-group is-nowrap is-layout-flex wp-container-core-group-is-layout-f66f9956 wp-block-group-is-layout-flex\">\n<div class=\"wp-block-group has-global-padding is-layout-constrained wp-block-group-is-layout-constrained\">\n<h4 class=\"wp-block-heading\" style=\"margin-top:0;margin-bottom:var(--wp--preset--spacing--30)\">Kontaktiraj ga in se dogovori<\/h4>\n\n\n\n<p class=\"has-text-color has-link-color wp-elements-10acd2953c56e96d08ff4a61c1d19891\" style=\"color:#233452\"><strong><em>Dogovori se po svoji \u017eelji; Kontaktiraj ga tudi neposredno preko telefonske \u0161tevilke ali aplikacije WhatsApp, e-po\u0161ti ali Instagram sporo\u010dilih.<\/em><\/strong><\/p>\n<\/div>\n<\/div>\n<\/div>\n<\/div>\n<\/div>\n<\/div>\n<\/div>\n","protected":false},"excerpt":{"rendered":"<p>izberi SVOJ ZA\u010cASNI DOM IN DRU\u017dBO Poi\u0161\u010di uporabnika na lokaciji kamor si namenjen in poglej kdo nudi stanovanje, sobo ali prostor za [&hellip;]<\/p>\n","protected":false},"author":1,"featured_media":0,"parent":0,"menu_order":0,"comment_status":"closed","ping_status":"closed","template":"page-templates\/page_front-page.php","meta":{"footnotes":""},"class_list":["post-556","page","type-page","status-publish","hentry"],"_links":{"self":[{"href":"https:\/\/sara.globokar.net\/index.php\/wp-json\/wp\/v2\/pages\/556","targetHints":{"allow":["GET"]}}],"collection":[{"href":"https:\/\/sara.globokar.net\/index.php\/wp-json\/wp\/v2\/pages"}],"about":[{"href":"https:\/\/sara.globokar.net\/index.php\/wp-json\/wp\/v2\/types\/page"}],"author":[{"embeddable":true,"href":"https:\/\/sara.globokar.net\/index.php\/wp-json\/wp\/v2\/users\/1"}],"replies":[{"embeddable":true,"href":"https:\/\/sara.globokar.net\/index.php\/wp-json\/wp\/v2\/comments?post=556"}],"version-history":[{"count":69,"href":"https:\/\/sara.globokar.net\/index.php\/wp-json\/wp\/v2\/pages\/556\/revisions"}],"predecessor-version":[{"id":1513,"href":"https:\/\/sara.globokar.net\/index.php\/wp-json\/wp\/v2\/pages\/556\/revisions\/1513"}],"wp:attachment":[{"href":"https:\/\/sara.globokar.net\/index.php\/wp-json\/wp\/v2\/media?parent=556"}],"curies":[{"name":"wp","href":"https:\/\/api.w.org\/{rel}","templated":true}]}}